{"id":5,"date":"2024-05-03T11:31:34","date_gmt":"2024-05-03T09:31:34","guid":{"rendered":"http:\/\/arifatnature.fr\/index.php\/mesmerize\/"},"modified":"2025-07-22T20:37:00","modified_gmt":"2025-07-22T18:37:00","slug":"mesmerize","status":"publish","type":"page","link":"https:\/\/arifatnature.fr\/","title":{"rendered":"ASPSA"},"content":{"rendered":"\t\t<div data-elementor-type=\"wp-page\" data-elementor-id=\"5\" class=\"elementor elementor-5\">\n\t\t\t\t<div class=\"elementor-element elementor-element-381151dc e-flex e-con-boxed wpr-particle-no wpr-jarallax-no wpr-parallax-no wpr-sticky-section-no e-con e-parent\" data-id=\"381151dc\" data-element_type=\"container\">\n\t\t\t\t\t<div class=\"e-con-inner\">\n\t\t\t\t<div class=\"elementor-element elementor-element-24dd9313 elementor-widget elementor-widget-text-editor\" data-id=\"24dd9313\" data-element_type=\"widget\" data-widget_type=\"text-editor.default\">\n\t\t\t\t<div class=\"elementor-widget-container\">\n\t\t\t\t\t\t\t\t\t<hr class=\"wp-block-separator has-alpha-channel-opacity\" \/><hr class=\"wp-block-separator has-alpha-channel-opacity\" \/><p class=\"wp-block-heading has-text-align-center has-text-color has-link-color wp-elements-a3f11c68a71ebdcd0523687789a17698\" style=\"color: #540d96; text-align: center;\"><span style=\"color: #000000;\">Notre association est attach\u00e9e \u00e0 un territoire qui nous est pr\u00e9cieux en plein c\u0153ur de la nature.<\/span><\/p><p class=\"wp-block-heading has-text-align-center has-vivid-green-cyan-color has-text-color has-link-color wp-elements-a1d3a067159798fa56996f1d419959da\" style=\"color: #540d96; text-align: center;\"><span style=\"color: #000000;\">Ses b\u00e9n\u00e9voles \u0153uvrent pour pr\u00e9server les lieux, dynamiser le site et le faire valoir !<\/span><\/p><p class=\"wp-block-heading has-text-align-center has-vivid-green-cyan-color has-text-color has-link-color wp-elements-d48d03fe7f27cc5d6507de9877813c4c\" style=\"color: #540d96; text-align: center;\"><span style=\"color: #000000;\">Nous sommes porteurs de valeurs humaines, sensibles \u00e0 la nature et nous appr\u00e9cions nous retrouver pour r\u00e9fl\u00e9chir ensemble \u00e0 des \u00e9v\u00e8nements \u00e0 vous proposer !<\/span><\/p><p class=\"wp-block-heading has-text-align-center has-vivid-green-cyan-color has-text-color has-link-color wp-elements-514da0bbaad14ff725cbc4868e74f941\" style=\"color: #540d96; text-align: center;\"><span style=\"color: #000000;\">Nous avons plein de projets en t\u00eate et nous esp\u00e9rons qu\u2019ils pourront voir le jour. Votre soutien est important pour les r\u00e9aliser.<\/span><\/p><hr class=\"wp-block-separator has-alpha-channel-opacity\" \/><figure class=\"wp-block-gallery has-nested-images columns-default is-cropped wp-block-gallery-1 is-layout-flex wp-block-gallery-is-layout-flex\"><figure class=\"wp-block-image size-large wp-lightbox-container\" data-wp-context=\"{&quot;imageId&quot;:&quot;6799cb13bf381&quot;}\" data-wp-interactive=\"core\/image\"><img fetchpriority=\"high\" decoding=\"async\" class=\"wp-image-349 alignnone\" src=\"https:\/\/arifatnature.fr\/wp-content\/uploads\/2025\/01\/chateau_vue_haut-1024x576.jpg\" sizes=\"(max-width: 1024px) 100vw, 1024px\" srcset=\"https:\/\/arifatnature.fr\/wp-content\/uploads\/2025\/01\/chateau_vue_haut-1024x576.jpg 1024w, https:\/\/arifatnature.fr\/wp-content\/uploads\/2025\/01\/chateau_vue_haut-300x169.jpg 300w, https:\/\/arifatnature.fr\/wp-content\/uploads\/2025\/01\/chateau_vue_haut-768x432.jpg 768w, https:\/\/arifatnature.fr\/wp-content\/uploads\/2025\/01\/chateau_vue_haut-1536x864.jpg 1536w, https:\/\/arifatnature.fr\/wp-content\/uploads\/2025\/01\/chateau_vue_haut-2048x1152.jpg 2048w, https:\/\/arifatnature.fr\/wp-content\/uploads\/2025\/01\/chateau_vue_haut-1920x1080.jpg 1920w\" alt=\"\" width=\"1024\" height=\"576\" data-wp-class--hide=\"state.isContentHidden\" data-wp-class--show=\"state.isContentVisible\" data-wp-init=\"callbacks.setButtonStyles\" data-wp-on-async--click=\"actions.showLightbox\" data-wp-on-async--load=\"callbacks.setButtonStyles\" data-wp-on-async-window--resize=\"callbacks.setButtonStyles\" data-id=\"349\" \/><\/figure><\/figure>\t\t\t\t\t\t\t\t<\/div>\n\t\t\t\t<\/div>\n\t\t\t\t\t<\/div>\n\t\t\t\t<\/div>\n\t\t<div class=\"elementor-element elementor-element-9a0c980 e-flex e-con-boxed wpr-particle-no wpr-jarallax-no wpr-parallax-no wpr-sticky-section-no e-con e-parent\" data-id=\"9a0c980\" data-element_type=\"container\">\n\t\t\t\t\t<div class=\"e-con-inner\">\n\t\t\t\t<div class=\"elementor-element elementor-element-1cdfc0e elementor-shape-rounded elementor-grid-0 e-grid-align-center elementor-invisible elementor-widget elementor-widget-social-icons\" data-id=\"1cdfc0e\" data-element_type=\"widget\" data-settings=\"{&quot;_animation&quot;:&quot;zoomIn&quot;}\" data-widget_type=\"social-icons.default\">\n\t\t\t\t<div class=\"elementor-widget-container\">\n\t\t\t\t\t\t\t<div class=\"elementor-social-icons-wrapper elementor-grid\" role=\"list\">\n\t\t\t\t\t\t\t<span class=\"elementor-grid-item\" role=\"listitem\">\n\t\t\t\t\t<a class=\"elementor-icon elementor-social-icon elementor-social-icon-facebook elementor-animation-shrink elementor-repeater-item-df932bd\" href=\"https:\/\/www.facebook.com\/profile.php?id=61576909829780\" target=\"_blank\">\n\t\t\t\t\t\t<span class=\"elementor-screen-only\">Facebook<\/span>\n\t\t\t\t\t\t<svg aria-hidden=\"true\" class=\"e-font-icon-svg e-fab-facebook\" viewBox=\"0 0 512 512\" xmlns=\"http:\/\/www.w3.org\/2000\/svg\"><path d=\"M504 256C504 119 393 8 256 8S8 119 8 256c0 123.78 90.69 226.38 209.25 245V327.69h-63V256h63v-54.64c0-62.15 37-96.48 93.67-96.48 27.14 0 55.52 4.84 55.52 4.84v61h-31.28c-30.8 0-40.41 19.12-40.41 38.73V256h68.78l-11 71.69h-57.78V501C413.31 482.38 504 379.78 504 256z\"><\/path><\/svg>\t\t\t\t\t<\/a>\n\t\t\t\t<\/span>\n\t\t\t\t\t\t\t<span class=\"elementor-grid-item\" role=\"listitem\">\n\t\t\t\t\t<a class=\"elementor-icon elementor-social-icon elementor-social-icon-instagram elementor-animation-shrink elementor-repeater-item-d30226e\" href=\"https:\/\/www.instagram.com\/aspsa.assoarifat\/\" target=\"_blank\">\n\t\t\t\t\t\t<span class=\"elementor-screen-only\">Instagram<\/span>\n\t\t\t\t\t\t<svg aria-hidden=\"true\" class=\"e-font-icon-svg e-fab-instagram\" viewBox=\"0 0 448 512\" xmlns=\"http:\/\/www.w3.org\/2000\/svg\"><path d=\"M224.1 141c-63.6 0-114.9 51.3-114.9 114.9s51.3 114.9 114.9 114.9S339 319.5 339 255.9 287.7 141 224.1 141zm0 189.6c-41.1 0-74.7-33.5-74.7-74.7s33.5-74.7 74.7-74.7 74.7 33.5 74.7 74.7-33.6 74.7-74.7 74.7zm146.4-194.3c0 14.9-12 26.8-26.8 26.8-14.9 0-26.8-12-26.8-26.8s12-26.8 26.8-26.8 26.8 12 26.8 26.8zm76.1 27.2c-1.7-35.9-9.9-67.7-36.2-93.9-26.2-26.2-58-34.4-93.9-36.2-37-2.1-147.9-2.1-184.9 0-35.8 1.7-67.6 9.9-93.9 36.1s-34.4 58-36.2 93.9c-2.1 37-2.1 147.9 0 184.9 1.7 35.9 9.9 67.7 36.2 93.9s58 34.4 93.9 36.2c37 2.1 147.9 2.1 184.9 0 35.9-1.7 67.7-9.9 93.9-36.2 26.2-26.2 34.4-58 36.2-93.9 2.1-37 2.1-147.8 0-184.8zM398.8 388c-7.8 19.6-22.9 34.7-42.6 42.6-29.5 11.7-99.5 9-132.1 9s-102.7 2.6-132.1-9c-19.6-7.8-34.7-22.9-42.6-42.6-11.7-29.5-9-99.5-9-132.1s-2.6-102.7 9-132.1c7.8-19.6 22.9-34.7 42.6-42.6 29.5-11.7 99.5-9 132.1-9s102.7-2.6 132.1 9c19.6 7.8 34.7 22.9 42.6 42.6 11.7 29.5 9 99.5 9 132.1s2.7 102.7-9 132.1z\"><\/path><\/svg>\t\t\t\t\t<\/a>\n\t\t\t\t<\/span>\n\t\t\t\t\t<\/div>\n\t\t\t\t\t\t<\/div>\n\t\t\t\t<\/div>\n\t\t\t\t\t<\/div>\n\t\t\t\t<\/div>\n\t\t\t\t<\/div>\n\t\t","protected":false},"excerpt":{"rendered":"","protected":false},"author":1,"featured_media":0,"parent":0,"menu_order":0,"comment_status":"closed","ping_status":"closed","template":"page-templates\/homepage.php","meta":{"footnotes":""},"class_list":["post-5","page","type-page","status-publish","hentry"],"_links":{"self":[{"href":"https:\/\/arifatnature.fr\/index.php\/wp-json\/wp\/v2\/pages\/5","targetHints":{"allow":["GET"]}}],"collection":[{"href":"https:\/\/arifatnature.fr\/index.php\/wp-json\/wp\/v2\/pages"}],"about":[{"href":"https:\/\/arifatnature.fr\/index.php\/wp-json\/wp\/v2\/types\/page"}],"author":[{"embeddable":true,"href":"https:\/\/arifatnature.fr\/index.php\/wp-json\/wp\/v2\/users\/1"}],"replies":[{"embeddable":true,"href":"https:\/\/arifatnature.fr\/index.php\/wp-json\/wp\/v2\/comments?post=5"}],"version-history":[{"count":39,"href":"https:\/\/arifatnature.fr\/index.php\/wp-json\/wp\/v2\/pages\/5\/revisions"}],"predecessor-version":[{"id":464,"href":"https:\/\/arifatnature.fr\/index.php\/wp-json\/wp\/v2\/pages\/5\/revisions\/464"}],"wp:attachment":[{"href":"https:\/\/arifatnature.fr\/index.php\/wp-json\/wp\/v2\/media?parent=5"}],"curies":[{"name":"wp","href":"https:\/\/api.w.org\/{rel}","templated":true}]}}