{"id":599,"date":"2025-07-18T11:53:49","date_gmt":"2025-07-18T09:53:49","guid":{"rendered":"https:\/\/arifatnature.fr\/?page_id=599"},"modified":"2026-01-18T11:20:09","modified_gmt":"2026-01-18T10:20:09","slug":"cest-arrive-pres-de-chez-vous","status":"publish","type":"page","link":"https:\/\/arifatnature.fr\/index.php\/cest-arrive-pres-de-chez-vous\/","title":{"rendered":"C&rsquo;est arriv\u00e9 pr\u00e8s de chez vous !"},"content":{"rendered":"\n<div class=\"wp-block-media-text is-stacked-on-mobile\"><figure class=\"wp-block-media-text__media\"><img fetchpriority=\"high\" decoding=\"async\" width=\"1024\" height=\"682\" src=\"https:\/\/arifatnature.fr\/wp-content\/uploads\/2025\/07\/096A7644-1024x682.jpg\" alt=\"\" class=\"wp-image-663 size-full\" srcset=\"https:\/\/arifatnature.fr\/wp-content\/uploads\/2025\/07\/096A7644-1024x682.jpg 1024w, https:\/\/arifatnature.fr\/wp-content\/uploads\/2025\/07\/096A7644-300x200.jpg 300w, https:\/\/arifatnature.fr\/wp-content\/uploads\/2025\/07\/096A7644-768x512.jpg 768w, https:\/\/arifatnature.fr\/wp-content\/uploads\/2025\/07\/096A7644-1536x1024.jpg 1536w, https:\/\/arifatnature.fr\/wp-content\/uploads\/2025\/07\/096A7644-1620x1080.jpg 1620w, https:\/\/arifatnature.fr\/wp-content\/uploads\/2025\/07\/096A7644.jpg 2024w\" sizes=\"(max-width: 1024px) 100vw, 1024px\" \/><\/figure><div class=\"wp-block-media-text__content\">\n<p class=\"has-text-align-center\"><strong><em>Cliquez sur chaque affiche d&rsquo;\u00e9v\u00e9nement pour d\u00e9couvrir les photos !<\/em><\/strong><\/p>\n\n\n<div class=\"wp-block-image\">\n<figure class=\"aligncenter size-full is-resized\"><img decoding=\"async\" width=\"512\" height=\"512\" src=\"https:\/\/arifatnature.fr\/wp-content\/uploads\/2026\/01\/info.png\" alt=\"\" class=\"wp-image-1076\" style=\"width:81px;height:auto\" srcset=\"https:\/\/arifatnature.fr\/wp-content\/uploads\/2026\/01\/info.png 512w, https:\/\/arifatnature.fr\/wp-content\/uploads\/2026\/01\/info-300x300.png 300w, https:\/\/arifatnature.fr\/wp-content\/uploads\/2026\/01\/info-150x150.png 150w\" sizes=\"(max-width: 512px) 100vw, 512px\" \/><\/figure>\n<\/div>\n\n\n<p class=\"has-text-align-left has-black-color has-text-color has-link-color wp-elements-5fc59dfdedcc5c5aef94013c27466b21\" style=\"font-size:18px\"><em>Certains articles sont prot\u00e9g\u00e9s par mot de passe afin de ne pas rendre publique l&rsquo;ensemble des photos. Contactez nous pour y avoir acc\u00e8s \ud83d\ude42 <br>aspsaassociation(arobase)gmail.com ou 07.43.32.66.73<\/em><\/p>\n<\/div><\/div>\n\n\n\n<div style=\"height:115px\" aria-hidden=\"true\" class=\"wp-block-spacer\"><\/div>\n\n\n\n<div class=\"wp-block-query is-layout-flow wp-block-query-is-layout-flow\"><ul class=\"wp-block-post-template is-layout-flow wp-block-post-template-is-layout-flow\"><li class=\"wp-block-post post-1070 post type-post status-publish format-standard post-password-required hentry category-passes\">\n\n<div class=\"wp-block-columns alignwide is-layout-flex wp-container-core-columns-is-layout-9d6595d7 wp-block-columns-is-layout-flex\">\n<div class=\"wp-block-column is-layout-flow wp-block-column-is-layout-flow\" style=\"flex-basis:66.66%\"><figure class=\"wp-block-post-featured-image\"><a href=\"https:\/\/arifatnature.fr\/index.php\/2026\/01\/18\/17-01-2026-fort-arifat\/\" target=\"_self\"  ><img decoding=\"async\" width=\"1080\" height=\"1350\" src=\"https:\/\/arifatnature.fr\/wp-content\/uploads\/2025\/12\/Fort-Arifat-Instagram.png\" class=\"attachment-full size-full wp-post-image\" alt=\"Prot\u00e9g\u00e9\u00a0: 17\/01\/2026 : Fort Arifat\" style=\"object-fit:cover;\" srcset=\"https:\/\/arifatnature.fr\/wp-content\/uploads\/2025\/12\/Fort-Arifat-Instagram.png 1080w, https:\/\/arifatnature.fr\/wp-content\/uploads\/2025\/12\/Fort-Arifat-Instagram-240x300.png 240w, https:\/\/arifatnature.fr\/wp-content\/uploads\/2025\/12\/Fort-Arifat-Instagram-819x1024.png 819w, https:\/\/arifatnature.fr\/wp-content\/uploads\/2025\/12\/Fort-Arifat-Instagram-768x960.png 768w, https:\/\/arifatnature.fr\/wp-content\/uploads\/2025\/12\/Fort-Arifat-Instagram-1024x1280.png 1024w, https:\/\/arifatnature.fr\/wp-content\/uploads\/2025\/12\/Fort-Arifat-Instagram-864x1080.png 864w\" sizes=\"(max-width: 1080px) 100vw, 1080px\" \/><\/a><\/figure><\/div>\n\n\n\n<div class=\"wp-block-column is-layout-flow wp-block-column-is-layout-flow\" style=\"flex-basis:33.33%\"><h2 class=\"wp-block-post-title\"><a href=\"https:\/\/arifatnature.fr\/index.php\/2026\/01\/18\/17-01-2026-fort-arifat\/\" target=\"_self\" >Prot\u00e9g\u00e9\u00a0: 17\/01\/2026 : Fort Arifat<\/a><\/h2>\n\n<div class=\"wp-block-post-excerpt\"><p class=\"wp-block-post-excerpt__excerpt\">Il n\u2019y a pas d\u2019extrait, car cette publication est prot\u00e9g\u00e9e. <\/p><\/div><\/div>\n<\/div>\n\n<\/li><li class=\"wp-block-post post-895 post type-post status-publish format-standard has-post-thumbnail hentry category-passes tag-animations tag-aspsa tag-cascades-arifat tag-chateau-darifat tag-espace-naturel-sensible tag-lien-social tag-tarn-81\">\n\n<div class=\"wp-block-columns alignwide is-layout-flex wp-container-core-columns-is-layout-9d6595d7 wp-block-columns-is-layout-flex\">\n<div class=\"wp-block-column is-layout-flow wp-block-column-is-layout-flow\" style=\"flex-basis:66.66%\"><figure class=\"wp-block-post-featured-image\"><a href=\"https:\/\/arifatnature.fr\/index.php\/2025\/12\/27\/20-12-2025-soiree-raclette-et-santa-secret\/\" target=\"_self\"  ><img loading=\"lazy\" decoding=\"async\" width=\"707\" height=\"1000\" src=\"https:\/\/arifatnature.fr\/wp-content\/uploads\/2025\/12\/DIFFUSION-Soiree-Raclette-2025-e1766821191850.png\" class=\"attachment-full size-full wp-post-image\" alt=\"20\/12\/2025 : Soir\u00e9e raclette et Santa Secret\" style=\"object-fit:cover;\" \/><\/a><\/figure><\/div>\n\n\n\n<div class=\"wp-block-column is-layout-flow wp-block-column-is-layout-flow\" style=\"flex-basis:33.33%\"><h2 class=\"wp-block-post-title\"><a href=\"https:\/\/arifatnature.fr\/index.php\/2025\/12\/27\/20-12-2025-soiree-raclette-et-santa-secret\/\" target=\"_self\" >20\/12\/2025 : Soir\u00e9e raclette et Santa Secret<\/a><\/h2>\n\n<div class=\"wp-block-post-excerpt\"><p class=\"wp-block-post-excerpt__excerpt\"> <\/p><\/div><\/div>\n<\/div>\n\n<\/li><li class=\"wp-block-post post-730 post type-post status-publish format-standard has-post-thumbnail hentry category-evenements category-passes tag-animations tag-aspsa tag-cascades-arifat tag-chateau-darifat tag-espace-naturel-sensible tag-lien-social tag-tarn-81\">\n\n<div class=\"wp-block-columns alignwide is-layout-flex wp-container-core-columns-is-layout-9d6595d7 wp-block-columns-is-layout-flex\">\n<div class=\"wp-block-column is-layout-flow wp-block-column-is-layout-flow\" style=\"flex-basis:66.66%\"><figure class=\"wp-block-post-featured-image\"><a href=\"https:\/\/arifatnature.fr\/index.php\/2025\/11\/23\/22-11-2025-soiree-jeux-de-societe-et-soupe\/\" target=\"_self\"  ><img loading=\"lazy\" decoding=\"async\" width=\"300\" height=\"424\" src=\"https:\/\/arifatnature.fr\/wp-content\/uploads\/2025\/11\/soiree-jeux-e1763925453606.png\" class=\"attachment-full size-full wp-post-image\" alt=\"22\/11\/2025 : Soir\u00e9e jeux de soci\u00e9t\u00e9 et soupe\" style=\"object-fit:cover;\" \/><\/a><\/figure><\/div>\n\n\n\n<div class=\"wp-block-column is-layout-flow wp-block-column-is-layout-flow\" style=\"flex-basis:33.33%\"><h2 class=\"wp-block-post-title\"><a href=\"https:\/\/arifatnature.fr\/index.php\/2025\/11\/23\/22-11-2025-soiree-jeux-de-societe-et-soupe\/\" target=\"_self\" >22\/11\/2025 : Soir\u00e9e jeux de soci\u00e9t\u00e9 et soupe<\/a><\/h2>\n\n<div class=\"wp-block-post-excerpt\"><p class=\"wp-block-post-excerpt__excerpt\">Quelle magnifique soir\u00e9e \u201cJeux &#038; Soupe\u201d ! Merci \u00e0 tous pour votre pr\u00e9sence et votre bonne humeur ! \ud83d\udc9a [&#8230;] <\/p><\/div><\/div>\n<\/div>\n\n<\/li><li class=\"wp-block-post post-701 post type-post status-publish format-standard has-post-thumbnail hentry category-passes tag-animations tag-aspsa tag-cascades-arifat tag-chateau-darifat tag-espace-naturel-sensible tag-lien-social tag-marche-de-producteurs-et-artisans tag-tarn-81\">\n\n<div class=\"wp-block-columns alignwide is-layout-flex wp-container-core-columns-is-layout-9d6595d7 wp-block-columns-is-layout-flex\">\n<div class=\"wp-block-column is-layout-flow wp-block-column-is-layout-flow\" style=\"flex-basis:66.66%\"><figure class=\"wp-block-post-featured-image\"><a href=\"https:\/\/arifatnature.fr\/index.php\/2025\/07\/22\/13-07-2025-marche-des-producteurs-et-des-artisans\/\" target=\"_self\"  ><img loading=\"lazy\" decoding=\"async\" width=\"1024\" height=\"1536\" src=\"https:\/\/arifatnature.fr\/wp-content\/uploads\/2025\/05\/2025-marche-13-juillet.png\" class=\"attachment-full size-full wp-post-image\" alt=\"13\/07\/2025 : March\u00e9 des Producteurs et des Artisans\" style=\"object-fit:cover;\" srcset=\"https:\/\/arifatnature.fr\/wp-content\/uploads\/2025\/05\/2025-marche-13-juillet.png 1024w, https:\/\/arifatnature.fr\/wp-content\/uploads\/2025\/05\/2025-marche-13-juillet-200x300.png 200w, https:\/\/arifatnature.fr\/wp-content\/uploads\/2025\/05\/2025-marche-13-juillet-683x1024.png 683w, https:\/\/arifatnature.fr\/wp-content\/uploads\/2025\/05\/2025-marche-13-juillet-768x1152.png 768w, https:\/\/arifatnature.fr\/wp-content\/uploads\/2025\/05\/2025-marche-13-juillet-720x1080.png 720w\" sizes=\"(max-width: 1024px) 100vw, 1024px\" \/><\/a><\/figure><\/div>\n\n\n\n<div class=\"wp-block-column is-layout-flow wp-block-column-is-layout-flow\" style=\"flex-basis:33.33%\"><h2 class=\"wp-block-post-title\"><a href=\"https:\/\/arifatnature.fr\/index.php\/2025\/07\/22\/13-07-2025-marche-des-producteurs-et-des-artisans\/\" target=\"_self\" >13\/07\/2025 : March\u00e9 des Producteurs et des Artisans<\/a><\/h2>\n\n<div class=\"wp-block-post-excerpt\"><p class=\"wp-block-post-excerpt__excerpt\"> <\/p><\/div><\/div>\n<\/div>\n\n<\/li><li class=\"wp-block-post post-614 post type-post status-publish format-standard has-post-thumbnail hentry category-passes tag-animations tag-aspsa tag-cascades-arifat tag-chateau-darifat tag-espace-naturel-sensible tag-lien-social tag-tarn-81\">\n\n<div class=\"wp-block-columns alignwide is-layout-flex wp-container-core-columns-is-layout-9d6595d7 wp-block-columns-is-layout-flex\">\n<div class=\"wp-block-column is-layout-flow wp-block-column-is-layout-flow\" style=\"flex-basis:66.66%\"><figure class=\"wp-block-post-featured-image\"><a href=\"https:\/\/arifatnature.fr\/index.php\/2025\/07\/22\/22-03-2025-jeux-dexterieur\/\" target=\"_self\"  ><img loading=\"lazy\" decoding=\"async\" width=\"1131\" height=\"1600\" src=\"https:\/\/arifatnature.fr\/wp-content\/uploads\/2025\/01\/jeux-exterieur-2025.jpg\" class=\"attachment-full size-full wp-post-image\" alt=\"22\/03\/2025 : Jeux d&rsquo;ext\u00e9rieur\" style=\"object-fit:cover;\" srcset=\"https:\/\/arifatnature.fr\/wp-content\/uploads\/2025\/01\/jeux-exterieur-2025.jpg 1131w, https:\/\/arifatnature.fr\/wp-content\/uploads\/2025\/01\/jeux-exterieur-2025-212x300.jpg 212w, https:\/\/arifatnature.fr\/wp-content\/uploads\/2025\/01\/jeux-exterieur-2025-724x1024.jpg 724w, https:\/\/arifatnature.fr\/wp-content\/uploads\/2025\/01\/jeux-exterieur-2025-768x1086.jpg 768w, https:\/\/arifatnature.fr\/wp-content\/uploads\/2025\/01\/jeux-exterieur-2025-1086x1536.jpg 1086w, https:\/\/arifatnature.fr\/wp-content\/uploads\/2025\/01\/jeux-exterieur-2025-1024x1449.jpg 1024w, https:\/\/arifatnature.fr\/wp-content\/uploads\/2025\/01\/jeux-exterieur-2025-763x1080.jpg 763w\" sizes=\"(max-width: 1131px) 100vw, 1131px\" \/><\/a><\/figure><\/div>\n\n\n\n<div class=\"wp-block-column is-layout-flow wp-block-column-is-layout-flow\" style=\"flex-basis:33.33%\"><h2 class=\"wp-block-post-title\"><a href=\"https:\/\/arifatnature.fr\/index.php\/2025\/07\/22\/22-03-2025-jeux-dexterieur\/\" target=\"_self\" >22\/03\/2025 : Jeux d&rsquo;ext\u00e9rieur<\/a><\/h2>\n\n<div class=\"wp-block-post-excerpt\"><p class=\"wp-block-post-excerpt__excerpt\"> <\/p><\/div><\/div>\n<\/div>\n\n<\/li><li class=\"wp-block-post post-609 post type-post status-publish format-standard has-post-thumbnail hentry category-passes tag-animations tag-aspsa tag-cascades-arifat tag-chateau-darifat tag-espace-naturel-sensible tag-lien-social tag-tarn-81\">\n\n<div class=\"wp-block-columns alignwide is-layout-flex wp-container-core-columns-is-layout-9d6595d7 wp-block-columns-is-layout-flex\">\n<div class=\"wp-block-column is-layout-flow wp-block-column-is-layout-flow\" style=\"flex-basis:66.66%\"><figure class=\"wp-block-post-featured-image\"><a href=\"https:\/\/arifatnature.fr\/index.php\/2025\/07\/22\/20-12-2024-soiree-raclette\/\" target=\"_self\"  ><img loading=\"lazy\" decoding=\"async\" width=\"899\" height=\"1599\" src=\"https:\/\/arifatnature.fr\/wp-content\/uploads\/2025\/01\/soiree-raclette-2024.jpg\" class=\"attachment-full size-full wp-post-image\" alt=\"20\/12\/2024 : Soir\u00e9e Raclette\" style=\"object-fit:cover;\" srcset=\"https:\/\/arifatnature.fr\/wp-content\/uploads\/2025\/01\/soiree-raclette-2024.jpg 899w, https:\/\/arifatnature.fr\/wp-content\/uploads\/2025\/01\/soiree-raclette-2024-169x300.jpg 169w, https:\/\/arifatnature.fr\/wp-content\/uploads\/2025\/01\/soiree-raclette-2024-576x1024.jpg 576w, https:\/\/arifatnature.fr\/wp-content\/uploads\/2025\/01\/soiree-raclette-2024-768x1366.jpg 768w, https:\/\/arifatnature.fr\/wp-content\/uploads\/2025\/01\/soiree-raclette-2024-864x1536.jpg 864w, https:\/\/arifatnature.fr\/wp-content\/uploads\/2025\/01\/soiree-raclette-2024-607x1080.jpg 607w\" sizes=\"(max-width: 899px) 100vw, 899px\" \/><\/a><\/figure><\/div>\n\n\n\n<div class=\"wp-block-column is-layout-flow wp-block-column-is-layout-flow\" style=\"flex-basis:33.33%\"><h2 class=\"wp-block-post-title\"><a href=\"https:\/\/arifatnature.fr\/index.php\/2025\/07\/22\/20-12-2024-soiree-raclette\/\" target=\"_self\" >20\/12\/2024 : Soir\u00e9e Raclette<\/a><\/h2>\n\n<div class=\"wp-block-post-excerpt\"><p class=\"wp-block-post-excerpt__excerpt\"> <\/p><\/div><\/div>\n<\/div>\n\n<\/li><li class=\"wp-block-post post-607 post type-post status-publish format-standard has-post-thumbnail hentry category-passes\">\n\n<div class=\"wp-block-columns alignwide is-layout-flex wp-container-core-columns-is-layout-9d6595d7 wp-block-columns-is-layout-flex\">\n<div class=\"wp-block-column is-layout-flow wp-block-column-is-layout-flow\" style=\"flex-basis:66.66%\"><figure class=\"wp-block-post-featured-image\"><a href=\"https:\/\/arifatnature.fr\/index.php\/2025\/07\/22\/29-01-2025-soiree-jeux-de-societe\/\" target=\"_self\"  ><img loading=\"lazy\" decoding=\"async\" width=\"1131\" height=\"1600\" src=\"https:\/\/arifatnature.fr\/wp-content\/uploads\/2025\/01\/soiree-jeux-2024.jpg\" class=\"attachment-full size-full wp-post-image\" alt=\"29\/11\/2024 : Soir\u00e9e Jeux de Soci\u00e9t\u00e9\" style=\"object-fit:cover;\" srcset=\"https:\/\/arifatnature.fr\/wp-content\/uploads\/2025\/01\/soiree-jeux-2024.jpg 1131w, https:\/\/arifatnature.fr\/wp-content\/uploads\/2025\/01\/soiree-jeux-2024-212x300.jpg 212w, https:\/\/arifatnature.fr\/wp-content\/uploads\/2025\/01\/soiree-jeux-2024-724x1024.jpg 724w, https:\/\/arifatnature.fr\/wp-content\/uploads\/2025\/01\/soiree-jeux-2024-768x1086.jpg 768w, https:\/\/arifatnature.fr\/wp-content\/uploads\/2025\/01\/soiree-jeux-2024-1086x1536.jpg 1086w, https:\/\/arifatnature.fr\/wp-content\/uploads\/2025\/01\/soiree-jeux-2024-1024x1449.jpg 1024w, https:\/\/arifatnature.fr\/wp-content\/uploads\/2025\/01\/soiree-jeux-2024-763x1080.jpg 763w\" sizes=\"(max-width: 1131px) 100vw, 1131px\" \/><\/a><\/figure><\/div>\n\n\n\n<div class=\"wp-block-column is-layout-flow wp-block-column-is-layout-flow\" style=\"flex-basis:33.33%\"><h2 class=\"wp-block-post-title\"><a href=\"https:\/\/arifatnature.fr\/index.php\/2025\/07\/22\/29-01-2025-soiree-jeux-de-societe\/\" target=\"_self\" >29\/11\/2024 : Soir\u00e9e Jeux de Soci\u00e9t\u00e9<\/a><\/h2>\n\n<div class=\"wp-block-post-excerpt\"><p class=\"wp-block-post-excerpt__excerpt\"> <\/p><\/div><\/div>\n<\/div>\n\n<\/li><li class=\"wp-block-post post-602 post type-post status-publish format-standard has-post-thumbnail hentry category-passes tag-animations tag-aspsa tag-cascades-arifat tag-chateau-darifat tag-espace-naturel-sensible tag-marche-de-producteurs-et-artisans\">\n\n<div class=\"wp-block-columns alignwide is-layout-flex wp-container-core-columns-is-layout-9d6595d7 wp-block-columns-is-layout-flex\">\n<div class=\"wp-block-column is-layout-flow wp-block-column-is-layout-flow\" style=\"flex-basis:66.66%\"><figure class=\"wp-block-post-featured-image\"><a href=\"https:\/\/arifatnature.fr\/index.php\/2025\/07\/18\/22-juin-2024-fete-de-la-nature\/\" target=\"_self\"  ><img loading=\"lazy\" decoding=\"async\" width=\"1500\" height=\"2100\" src=\"https:\/\/arifatnature.fr\/wp-content\/uploads\/2024\/05\/affiche_fete_nature_2024.gif\" class=\"attachment-full size-full wp-post-image\" alt=\"22\/06\/2024 : F\u00eate de la Nature\" style=\"object-fit:cover;\" \/><\/a><\/figure><\/div>\n\n\n\n<div class=\"wp-block-column is-layout-flow wp-block-column-is-layout-flow\" style=\"flex-basis:33.33%\"><h2 class=\"wp-block-post-title\"><a href=\"https:\/\/arifatnature.fr\/index.php\/2025\/07\/18\/22-juin-2024-fete-de-la-nature\/\" target=\"_self\" >22\/06\/2024 : F\u00eate de la Nature<\/a><\/h2>\n\n<div class=\"wp-block-post-excerpt\"><p class=\"wp-block-post-excerpt__excerpt\">22 juin 2024 \u00e0 partir de 9hSite du Ch\u00e2teau d\u2019Arifat (81360) F\u00eate de la Nature <\/p><\/div><\/div>\n<\/div>\n\n<\/li><li class=\"wp-block-post post-469 post type-post status-publish format-standard has-post-thumbnail hentry category-evenements category-passes tag-animations tag-aspsa tag-cascades-arifat tag-espace-naturel-sensible\">\n\n<div class=\"wp-block-columns alignwide is-layout-flex wp-container-core-columns-is-layout-9d6595d7 wp-block-columns-is-layout-flex\">\n<div class=\"wp-block-column is-layout-flow wp-block-column-is-layout-flow\" style=\"flex-basis:66.66%\"><figure class=\"wp-block-post-featured-image\"><a href=\"https:\/\/arifatnature.fr\/index.php\/2025\/07\/18\/chandeleur-deguisee-22-fevrier-2025\/\" target=\"_self\"  ><img loading=\"lazy\" decoding=\"async\" width=\"1200\" height=\"1599\" src=\"https:\/\/arifatnature.fr\/wp-content\/uploads\/2025\/01\/chandeleur-2025.webp\" class=\"attachment-full size-full wp-post-image\" alt=\"22\/02\/2025 : Chandeleur d\u00e9guis\u00e9e\" style=\"object-fit:cover;\" srcset=\"https:\/\/arifatnature.fr\/wp-content\/uploads\/2025\/01\/chandeleur-2025.webp 1200w, https:\/\/arifatnature.fr\/wp-content\/uploads\/2025\/01\/chandeleur-2025-225x300.webp 225w, https:\/\/arifatnature.fr\/wp-content\/uploads\/2025\/01\/chandeleur-2025-768x1023.webp 768w, https:\/\/arifatnature.fr\/wp-content\/uploads\/2025\/01\/chandeleur-2025-1153x1536.webp 1153w, https:\/\/arifatnature.fr\/wp-content\/uploads\/2025\/01\/chandeleur-2025-1024x1364.webp 1024w, https:\/\/arifatnature.fr\/wp-content\/uploads\/2025\/01\/chandeleur-2025-811x1080.webp 811w\" sizes=\"(max-width: 1200px) 100vw, 1200px\" \/><\/a><\/figure><\/div>\n\n\n\n<div class=\"wp-block-column is-layout-flow wp-block-column-is-layout-flow\" style=\"flex-basis:33.33%\"><h2 class=\"wp-block-post-title\"><a href=\"https:\/\/arifatnature.fr\/index.php\/2025\/07\/18\/chandeleur-deguisee-22-fevrier-2025\/\" target=\"_self\" >22\/02\/2025 : Chandeleur d\u00e9guis\u00e9e<\/a><\/h2>\n\n<div class=\"wp-block-post-excerpt\"><p class=\"wp-block-post-excerpt__excerpt\"> <\/p><\/div><\/div>\n<\/div>\n\n<\/li><\/ul><\/div>\n","protected":false},"excerpt":{"rendered":"","protected":false},"author":1,"featured_media":0,"parent":0,"menu_order":0,"comment_status":"closed","ping_status":"closed","template":"","meta":{"footnotes":""},"class_list":["post-599","page","type-page","status-publish","hentry"],"_links":{"self":[{"href":"https:\/\/arifatnature.fr\/index.php\/wp-json\/wp\/v2\/pages\/599","targetHints":{"allow":["GET"]}}],"collection":[{"href":"https:\/\/arifatnature.fr\/index.php\/wp-json\/wp\/v2\/pages"}],"about":[{"href":"https:\/\/arifatnature.fr\/index.php\/wp-json\/wp\/v2\/types\/page"}],"author":[{"embeddable":true,"href":"https:\/\/arifatnature.fr\/index.php\/wp-json\/wp\/v2\/users\/1"}],"replies":[{"embeddable":true,"href":"https:\/\/arifatnature.fr\/index.php\/wp-json\/wp\/v2\/comments?post=599"}],"version-history":[{"count":6,"href":"https:\/\/arifatnature.fr\/index.php\/wp-json\/wp\/v2\/pages\/599\/revisions"}],"predecessor-version":[{"id":1082,"href":"https:\/\/arifatnature.fr\/index.php\/wp-json\/wp\/v2\/pages\/599\/revisions\/1082"}],"wp:attachment":[{"href":"https:\/\/arifatnature.fr\/index.php\/wp-json\/wp\/v2\/media?parent=599"}],"curies":[{"name":"wp","href":"https:\/\/api.w.org\/{rel}","templated":true}]}}