{"id":721,"date":"2025-11-11T10:59:07","date_gmt":"2025-11-11T09:59:07","guid":{"rendered":"https:\/\/arifatnature.fr\/?page_id=721"},"modified":"2026-03-30T16:03:18","modified_gmt":"2026-03-30T14:03:18","slug":"evenements-a-venir","status":"publish","type":"page","link":"https:\/\/arifatnature.fr\/index.php\/evenements-a-venir\/","title":{"rendered":"Ev\u00e9nements \u00e0 venir"},"content":{"rendered":"\t\t<div data-elementor-type=\"wp-page\" data-elementor-id=\"721\" class=\"elementor elementor-721\">\n\t\t\t\t<div class=\"elementor-element elementor-element-9a489d4 e-flex e-con-boxed wpr-particle-no wpr-jarallax-no wpr-parallax-no wpr-sticky-section-no e-con e-parent\" data-id=\"9a489d4\" data-element_type=\"container\">\n\t\t\t\t\t<div class=\"e-con-inner\">\n\t\t\t\t<div class=\"elementor-element elementor-element-1b2c9b6 elementor-widget elementor-widget-image\" data-id=\"1b2c9b6\" data-element_type=\"widget\" data-widget_type=\"image.default\">\n\t\t\t\t<div class=\"elementor-widget-container\">\n\t\t\t\t\t\t\t\t\t\t\t\t\t\t\t<img decoding=\"async\" src=\"https:\/\/arifatnature.fr\/wp-content\/uploads\/elementor\/thumbs\/atelier-jonglage-et-mime-2026-rl9ttg585ikzx5ws2ran5t7ij8jwkaekgwd110t05u.png\" title=\"atelier jonglage et mime 2026\" alt=\"ateliers art du cirque\" loading=\"lazy\" \/>\t\t\t\t\t\t\t\t\t\t\t\t\t\t\t<\/div>\n\t\t\t\t<\/div>\n\t\t\t\t<div class=\"elementor-element elementor-element-132077a elementor-widget elementor-widget-heading\" data-id=\"132077a\" data-element_type=\"widget\" data-widget_type=\"heading.default\">\n\t\t\t\t<div class=\"elementor-widget-container\">\n\t\t\t\t\t<h1 class=\"elementor-heading-title elementor-size-default\"><img decoding=\"async\" role=\"img\" class=\"emoji\" alt=\"\ud83c\udfaa\" src=\"https:\/\/s.w.org\/images\/core\/emoji\/17.0.2\/svg\/1f3aa.svg\"><img decoding=\"async\" role=\"img\" class=\"emoji\" alt=\"\ud83e\udd39\u200d\u2642\ufe0f\" src=\"https:\/\/s.w.org\/images\/core\/emoji\/17.0.2\/svg\/1f939-200d-2642-fe0f.svg\"> APR\u00c8S-MIDI CIRQUE &amp; MIME <img decoding=\"async\" role=\"img\" class=\"emoji\" alt=\"\ud83c\udfad\" src=\"https:\/\/s.w.org\/images\/core\/emoji\/17.0.2\/svg\/1f3ad.svg\"><img decoding=\"async\" role=\"img\" class=\"emoji\" alt=\"\u2728\" src=\"https:\/\/s.w.org\/images\/core\/emoji\/17.0.2\/svg\/2728.svg\"><\/h1>\t\t\t\t<\/div>\n\t\t\t\t<\/div>\n\t\t\t\t<div class=\"elementor-element elementor-element-bfa67c9 elementor-widget elementor-widget-text-editor\" data-id=\"bfa67c9\" data-element_type=\"widget\" data-widget_type=\"text-editor.default\">\n\t\t\t\t<div class=\"elementor-widget-container\">\n\t\t\t\t\t\t\t\t\t<p>\ud83d\udcc5 Samedi 18 avril 2026<br \/>\ud83d\udd70\ufe0f De 14h \u00e0 17h<br \/>\ud83d\udccd Salle des f\u00eates de St Paul<\/p>\n<p>Venez d\u00e9couvrir en famille un apr\u00e8s-midi ludique et cr\u00e9atif autour des arts du cirque et du mime, encadr\u00e9 par des professionnels, ouvert aux d\u00e9butants !<\/p>\n<p>\ud83d\udd39 Atelier Mime<br \/>\ud83d\udc49 D\u00e9couvrir le mime et cr\u00e9er rapidement de petites sc\u00e9nettes.<\/p>\n<p>\ud83d\udd39 Atelier Cirque (enfants 6-8 ans, 9-12 ans et adultes)<br \/>\ud83d\udc49 Assiettes chinoises, jonglage (balles et massues), diabolo, b\u00e2ton du diable, foulards\u2026<\/p>\n<p>\ud83d\udd52 Au Programme<br \/>\u2714\ufe0f 1h de cirque<br \/>\u2714\ufe0f 1h de mime<br \/>\u2714\ufe0f Go\u00fbter offert : 1 cr\u00eape + 1 boisson \ud83d\ude0b<\/p>\n<p>\ud83d\udcb6 Tarifs (inscription obligatoire)<br \/>\u2022 1 personne : 10 \u20ac<br \/>\u2022 2 personnes : 18 \u20ac<br \/>\u2022 3 personnes : 25 \u20ac<br \/>\u2022 4 personnes : 30 \u20ac<\/p>\n<p>\ud83d\udc68\u200d\ud83d\udc69\u200d\ud83d\udc67\u200d\ud83d\udc66 Jusqu\u2019\u00e0 40 participants possibles selon les inscriptions !<\/p>\n<p>\ud83d\udcde R\u00e9servation obligatoire : 07 43 32 66 73<\/p>\n<p>\ud83d\udc49 Un moment joyeux, cr\u00e9atif et convivial \u00e0 partager en famille ou entre amis !<br \/>\ud83d\udce2 N\u2019h\u00e9sitez pas \u00e0 partager \ud83c\udfaa\u2728<\/p>\t\t\t\t\t\t\t\t<\/div>\n\t\t\t\t<\/div>\n\t\t\t\t\t<\/div>\n\t\t\t\t<\/div>\n\t\t\t\t<\/div>\n\t\t","protected":false},"excerpt":{"rendered":"<p>APR\u00c8S-MIDI CIRQUE &amp; MIME \ud83d\udcc5 Samedi 18 avril 2026\ud83d\udd70\ufe0f De 14h \u00e0 17h\ud83d\udccd Salle des f\u00eates de St Paul Venez d\u00e9couvrir en famille un apr\u00e8s-midi ludique et cr\u00e9atif autour des arts du cirque et du mime, encadr\u00e9 par des professionnels, ouvert aux d\u00e9butants ! \ud83d\udd39 Atelier Mime\ud83d\udc49 D\u00e9couvrir le mime et cr\u00e9er rapidement de petites sc\u00e9nettes. \ud83d\udd39 Atelier Cirque (enfants 6-8 ans, 9-12 ans et adultes)\ud83d\udc49 Assiettes chinoises, jonglage (balles et massues), diabolo, b\u00e2ton du diable, foulards\u2026 \ud83d\udd52 Au Programme\u2714\ufe0f 1h de cirque\u2714\ufe0f 1h de mime\u2714\ufe0f Go\u00fbter offert : 1 cr\u00eape + 1 boisson \ud83d\ude0b \ud83d\udcb6 Tarifs (inscription obligatoire)\u2022 1 personne : 10 \u20ac\u2022 2 personnes : 18 \u20ac\u2022 3 personnes : 25 \u20ac\u2022 4 personnes : 30 \u20ac \ud83d\udc68\u200d\ud83d\udc69\u200d\ud83d\udc67\u200d\ud83d\udc66 Jusqu\u2019\u00e0 40 participants possibles selon les inscriptions ! \ud83d\udcde R\u00e9servation obligatoire : 07 43 32 66 73 \ud83d\udc49 Un moment joyeux, cr\u00e9atif et convivial \u00e0 partager en famille ou entre amis !\ud83d\udce2 N\u2019h\u00e9sitez pas \u00e0 partager \ud83c\udfaa\u2728<\/p>\n","protected":false},"author":1,"featured_media":0,"parent":0,"menu_order":0,"comment_status":"closed","ping_status":"closed","template":"","meta":{"footnotes":""},"class_list":["post-721","page","type-page","status-publish","hentry"],"_links":{"self":[{"href":"https:\/\/arifatnature.fr\/index.php\/wp-json\/wp\/v2\/pages\/721","targetHints":{"allow":["GET"]}}],"collection":[{"href":"https:\/\/arifatnature.fr\/index.php\/wp-json\/wp\/v2\/pages"}],"about":[{"href":"https:\/\/arifatnature.fr\/index.php\/wp-json\/wp\/v2\/types\/page"}],"author":[{"embeddable":true,"href":"https:\/\/arifatnature.fr\/index.php\/wp-json\/wp\/v2\/users\/1"}],"replies":[{"embeddable":true,"href":"https:\/\/arifatnature.fr\/index.php\/wp-json\/wp\/v2\/comments?post=721"}],"version-history":[{"count":13,"href":"https:\/\/arifatnature.fr\/index.php\/wp-json\/wp\/v2\/pages\/721\/revisions"}],"predecessor-version":[{"id":1091,"href":"https:\/\/arifatnature.fr\/index.php\/wp-json\/wp\/v2\/pages\/721\/revisions\/1091"}],"wp:attachment":[{"href":"https:\/\/arifatnature.fr\/index.php\/wp-json\/wp\/v2\/media?parent=721"}],"curies":[{"name":"wp","href":"https:\/\/api.w.org\/{rel}","templated":true}]}}